{"id":1198,"date":"2018-08-07T14:11:20","date_gmt":"2018-08-07T14:11:20","guid":{"rendered":"http:\/\/www.usosaldana.com.co\/?page_id=1198"},"modified":"2020-08-27T15:43:09","modified_gmt":"2020-08-27T20:43:09","slug":"slider","status":"publish","type":"page","link":"https:\/\/www.usosaldana.com.co\/","title":{"rendered":"USOSALDA\u00d1A"},"content":{"rendered":"<h3 style=\"text-align: center;\" align=\"center\">Asociaci\u00f3n de Usuarios del Distrito de Adecuaci\u00f3n de Tierras<br \/>\nde Gran Escala del Rio Salda\u00f1a <b>\u201cUSOSALDA\u00d1A\u201d<\/b>.<\/h3>\n","protected":false},"excerpt":{"rendered":"<p>Asociaci\u00f3n de Usuarios del Distrito de Adecuaci\u00f3n de Tierras de Gran Escala del Rio Salda\u00f1a \u201cUSOSALDA\u00d1A\u201d.<\/p>\n","protected":false},"author":3,"featured_media":0,"parent":0,"menu_order":0,"comment_status":"closed","ping_status":"closed","template":"","meta":{"footnotes":""},"class_list":["post-1198","page","type-page","status-publish","czr-hentry"],"_links":{"self":[{"href":"https:\/\/www.usosaldana.com.co\/index.php\/wp-json\/wp\/v2\/pages\/1198","targetHints":{"allow":["GET"]}}],"collection":[{"href":"https:\/\/www.usosaldana.com.co\/index.php\/wp-json\/wp\/v2\/pages"}],"about":[{"href":"https:\/\/www.usosaldana.com.co\/index.php\/wp-json\/wp\/v2\/types\/page"}],"author":[{"embeddable":true,"href":"https:\/\/www.usosaldana.com.co\/index.php\/wp-json\/wp\/v2\/users\/3"}],"replies":[{"embeddable":true,"href":"https:\/\/www.usosaldana.com.co\/index.php\/wp-json\/wp\/v2\/comments?post=1198"}],"version-history":[{"count":14,"href":"https:\/\/www.usosaldana.com.co\/index.php\/wp-json\/wp\/v2\/pages\/1198\/revisions"}],"predecessor-version":[{"id":2460,"href":"https:\/\/www.usosaldana.com.co\/index.php\/wp-json\/wp\/v2\/pages\/1198\/revisions\/2460"}],"wp:attachment":[{"href":"https:\/\/www.usosaldana.com.co\/index.php\/wp-json\/wp\/v2\/media?parent=1198"}],"curies":[{"name":"wp","href":"https:\/\/api.w.org\/{rel}","templated":true}]}}