{"id":2039,"date":"2020-03-19T19:24:59","date_gmt":"2020-03-19T19:24:59","guid":{"rendered":"http:\/\/www.usosaldana.com.co\/?page_id=2039"},"modified":"2023-10-19T13:00:04","modified_gmt":"2023-10-19T18:00:04","slug":"contactos-2","status":"publish","type":"page","link":"https:\/\/www.usosaldana.com.co\/index.php\/contactos-2\/","title":{"rendered":"Contactos"},"content":{"rendered":"<div align=\"justify\">Se informa a los Usuarios, Propietarios, \u00a0Contratistas, Proveedores y p\u00fablico en general, que se recibir\u00e1n solicitudes de Informaci\u00f3n y de Servicios en el correo institucional de la Secretar\u00eda de Gerencia\u00a0<a href=\"mailto:gerencia@usosaldana.com.co\">gerencia@usosaldana.com.co<\/a>, al correo\u00a0<a href=\"mailto:usosaldana@yahoo.com\">usosaldana@yahoo.com<\/a> o a nuestros n\u00fameros de tel\u00e9fono:<\/div>\n<div align=\"justify\"><\/div>\n<div align=\"justify\">\n<table style=\"border-collapse: separate; border: gray 1px solid; border-radius: 15px;\" width=\"488\">\n<tbody>\n<tr>\n<td style=\"text-align: center; border: gray 1px solid; border-top-left-radius: 15px;\" width=\"180\"><img decoding=\"async\" src=\"https:\/\/www.usosaldana.com.co\/wp-content\/uploads\/2020\/08\/contacto_.png\" \/><strong>A CARGO DE\u00a0<\/strong><\/td>\n<td style=\"text-align: center; border: gray 1px solid;\" width=\"180\"><img decoding=\"async\" src=\"https:\/\/www.usosaldana.com.co\/wp-content\/uploads\/2020\/08\/email_.png\" \/><strong>CORREO-ELECTR\u00d3NICO<\/strong><\/td>\n<td style=\"text-align: center; border: gray 1px solid;\" width=\"50\"><img decoding=\"async\" src=\"https:\/\/www.usosaldana.com.co\/wp-content\/uploads\/2020\/08\/celular_.png\" \/><strong>CEL No.<\/strong><\/td>\n<td style=\"text-align: center; border: gray 1px solid;\" width=\"50\"><img decoding=\"async\" src=\"https:\/\/www.usosaldana.com.co\/wp-content\/uploads\/2020\/08\/telefono_.png\" \/><strong>TELEFONO<\/strong><\/td>\n<td style=\"text-align: center; border: gray 1px solid; border-top-right-radius: 15px;\" width=\"28\"><strong>EXT<\/strong><\/td>\n<\/tr>\n<tr>\n<td style=\"border: gray 1px solid;\">COORDINADOR DE OPERACI\u00d3N<\/td>\n<td style=\"text-align: right; border: gray 1px solid;\">coordinador.operacion@usosaldana.com.co<\/td>\n<td style=\"text-align: right; border: gray 1px solid;\">3173831720<\/td>\n<td style=\"text-align: right; border: gray 1px solid;\">3167421686<\/td>\n<td style=\"text-align: right; border: gray 1px solid;\">110<\/td>\n<\/tr>\n<tr>\n<td style=\"border: gray 1px solid;\">COORDINADOR DE CONSERVACI\u00d3N<\/td>\n<td style=\"text-align: right; border: gray 1px solid;\">coordinador.conservacion@usosaldana.com.co<\/td>\n<td style=\"text-align: right; border: gray 1px solid;\">3154227154<\/td>\n<td style=\"text-align: right; border: gray 1px solid;\">3167421686<\/td>\n<td style=\"text-align: right; border: gray 1px solid;\">120<\/td>\n<\/tr>\n<tr>\n<td style=\"border: gray 1px solid;\">COORDINADOR DEPTO SEGURIDAD<\/td>\n<td style=\"text-align: right; border: gray 1px solid;\">departamentodeseguridad@usosaldana.com.co<\/td>\n<td style=\"text-align: right; border: gray 1px solid;\">3158346897<\/td>\n<td style=\"text-align: right; border: gray 1px solid;\">3167421686<\/td>\n<td style=\"text-align: right; border: gray 1px solid;\">103<\/td>\n<\/tr>\n<tr>\n<td style=\"border: gray 1px solid;\">SECRETARIA GERENCIA<\/td>\n<td style=\"text-align: right; border: gray 1px solid;\">gerencia@usosaldana.com.co<\/td>\n<td style=\"text-align: right; border: gray 1px solid;\">3153654637<\/td>\n<td style=\"text-align: right; border: gray 1px solid;\">3167421686<\/td>\n<td style=\"text-align: right; border: gray 1px solid;\">102<\/td>\n<\/tr>\n<tr>\n<td style=\"border: gray 1px solid;\">SECRETARIA ADMINISTRATIVA<\/td>\n<td style=\"text-align: right; border: gray 1px solid;\">secretaria.administrativa@usosaldana.com.co<\/td>\n<td><\/td>\n<td style=\"text-align: right; border: gray 1px solid;\">3167421686<\/td>\n<td style=\"text-align: right; border: gray 1px solid;\">104<\/td>\n<\/tr>\n<tr>\n<td style=\"border: gray 1px solid;\">TESORERIA-CARTERA<\/td>\n<td style=\"text-align: right; border: gray 1px solid;\">tesoreria@usosaldana.com.co<\/td>\n<td><\/td>\n<td style=\"text-align: right; border: gray 1px solid;\">3167421686<\/td>\n<td style=\"text-align: right; border: gray 1px solid;\">105<\/td>\n<\/tr>\n<tr>\n<td style=\"border: gray 1px solid;\">CONTABILIDAD<\/td>\n<td style=\"text-align: right; border: gray 1px solid;\">contadora@usosaldana.com.co<\/td>\n<td><\/td>\n<td style=\"text-align: right; border: gray 1px solid;\">3167421686<\/td>\n<td style=\"text-align: right; border: gray 1px solid;\">108<\/td>\n<\/tr>\n<tr>\n<td style=\"border: gray 1px solid;\">RECURSOS HUMANOS<\/td>\n<td style=\"text-align: right; border: gray 1px solid;\">recursoshumanos@usosaldana.com.co<\/td>\n<td style=\"text-align: right; border: gray 1px solid;\">3167758988<\/td>\n<td style=\"text-align: right; border: gray 1px solid;\">3167421686<\/td>\n<td style=\"text-align: right; border: gray 1px solid;\">123<\/td>\n<\/tr>\n<tr>\n<td style=\"border: gray 1px solid;\">CONTRATACI\u00d3N COMPRAS &#8211; ALMACEN<\/td>\n<td style=\"text-align: right; border: gray 1px solid;\">contratacion@usosaldana.com.co<\/td>\n<td style=\"text-align: right; border: gray 1px solid;\">3152784060<\/td>\n<td style=\"text-align: right; border: gray 1px solid;\">3167421686<\/td>\n<td style=\"text-align: right; border: gray 1px solid;\">119<\/td>\n<\/tr>\n<tr>\n<td style=\"border: gray 1px solid;\">ASISTENTE DE OPERACI\u00d3N Y SIG<\/td>\n<td style=\"text-align: right; border: gray 1px solid;\">asistente.operacion@usosaldana.com.co<\/td>\n<td style=\"text-align: right; border: gray 1px solid;\">3175160879<\/td>\n<td style=\"text-align: right; border: gray 1px solid;\">3167421686<\/td>\n<td style=\"text-align: right; border: gray 1px solid;\">111<\/td>\n<\/tr>\n<tr>\n<td style=\"border: gray 1px solid;\">PORTER\u00cdA ADMINISTRATIVA<\/td>\n<td><\/td>\n<td><\/td>\n<td style=\"text-align: right; border: gray 1px solid;\">3167421686<\/td>\n<td style=\"text-align: right; border: gray 1px solid;\">116<\/td>\n<\/tr>\n<tr>\n<td style=\"border: gray 1px solid; border-bottom-left-radius: 15px;\">PORTER\u00cdA CONSERVACI\u00d3N<\/td>\n<td><\/td>\n<td><\/td>\n<td style=\"text-align: right; border: gray 1px solid;\">3167421686<\/td>\n<td style=\"text-align: right; border: gray 1px solid; border-bottom-right-radius: 15px;\">118<\/td>\n<\/tr>\n<\/tbody>\n<\/table>\n<\/div>\n","protected":false},"excerpt":{"rendered":"<p>Se informa a los Usuarios, Propietarios, \u00a0Contratistas, Proveedores y p\u00fablico en general, que se recibir\u00e1n solicitudes de Informaci\u00f3n y de Servicios en el correo institucional de la Secretar\u00eda de Gerencia\u00a0gerencia@usosaldana.com.co, al correo\u00a0usosaldana@yahoo.com o a nuestros n\u00fameros de tel\u00e9fono: A CARGO DE\u00a0 CORREO-ELECTR\u00d3NICO CEL No. TELEFONO EXT COORDINADOR DE OPERACI\u00d3N coordinador.operacion@usosaldana.com.co 3173831720 3167421686 110 COORDINADOR DE [&hellip;]<\/p>\n","protected":false},"author":3,"featured_media":0,"parent":0,"menu_order":0,"comment_status":"closed","ping_status":"closed","template":"","meta":{"footnotes":""},"class_list":["post-2039","page","type-page","status-publish","czr-hentry"],"_links":{"self":[{"href":"https:\/\/www.usosaldana.com.co\/index.php\/wp-json\/wp\/v2\/pages\/2039","targetHints":{"allow":["GET"]}}],"collection":[{"href":"https:\/\/www.usosaldana.com.co\/index.php\/wp-json\/wp\/v2\/pages"}],"about":[{"href":"https:\/\/www.usosaldana.com.co\/index.php\/wp-json\/wp\/v2\/types\/page"}],"author":[{"embeddable":true,"href":"https:\/\/www.usosaldana.com.co\/index.php\/wp-json\/wp\/v2\/users\/3"}],"replies":[{"embeddable":true,"href":"https:\/\/www.usosaldana.com.co\/index.php\/wp-json\/wp\/v2\/comments?post=2039"}],"version-history":[{"count":12,"href":"https:\/\/www.usosaldana.com.co\/index.php\/wp-json\/wp\/v2\/pages\/2039\/revisions"}],"predecessor-version":[{"id":4267,"href":"https:\/\/www.usosaldana.com.co\/index.php\/wp-json\/wp\/v2\/pages\/2039\/revisions\/4267"}],"wp:attachment":[{"href":"https:\/\/www.usosaldana.com.co\/index.php\/wp-json\/wp\/v2\/media?parent=2039"}],"curies":[{"name":"wp","href":"https:\/\/api.w.org\/{rel}","templated":true}]}}