{"id":25,"date":"2014-06-23T20:45:50","date_gmt":"2014-06-23T20:45:50","guid":{"rendered":"http:\/\/www.usosaldana.com.co\/wordpress\/?page_id=25"},"modified":"2025-04-14T11:03:47","modified_gmt":"2025-04-14T16:03:47","slug":"mision","status":"publish","type":"page","link":"https:\/\/www.usosaldana.com.co\/index.php\/nosotros\/mision\/","title":{"rendered":"Misi\u00f3n"},"content":{"rendered":"<p align=\"justify\"><strong>USOSALDA\u00d1A<\/strong> es una empresa de car\u00e1cter asociativo que administra el recurso h\u00eddrico del distrito de adecuaci\u00f3n de tierras de gran escala del <em>Rio Salda\u00f1a<\/em>, con el objeto de ofrecer bienestar a los usuarios, elevar su calidad de vida y generar desarrollo regional de manera sostenible.<\/p>\n\n\n<p><\/p>\n","protected":false},"excerpt":{"rendered":"<p>USOSALDA\u00d1A es una empresa de car\u00e1cter asociativo que administra el recurso h\u00eddrico del distrito de adecuaci\u00f3n de tierras de gran escala del Rio Salda\u00f1a, con el objeto de ofrecer bienestar a los usuarios, elevar su calidad de vida y generar desarrollo regional de manera sostenible.<\/p>\n","protected":false},"author":3,"featured_media":5061,"parent":2,"menu_order":1,"comment_status":"closed","ping_status":"closed","template":"","meta":{"footnotes":""},"class_list":["post-25","page","type-page","status-publish","has-post-thumbnail","czr-hentry"],"_links":{"self":[{"href":"https:\/\/www.usosaldana.com.co\/index.php\/wp-json\/wp\/v2\/pages\/25","targetHints":{"allow":["GET"]}}],"collection":[{"href":"https:\/\/www.usosaldana.com.co\/index.php\/wp-json\/wp\/v2\/pages"}],"about":[{"href":"https:\/\/www.usosaldana.com.co\/index.php\/wp-json\/wp\/v2\/types\/page"}],"author":[{"embeddable":true,"href":"https:\/\/www.usosaldana.com.co\/index.php\/wp-json\/wp\/v2\/users\/3"}],"replies":[{"embeddable":true,"href":"https:\/\/www.usosaldana.com.co\/index.php\/wp-json\/wp\/v2\/comments?post=25"}],"version-history":[{"count":5,"href":"https:\/\/www.usosaldana.com.co\/index.php\/wp-json\/wp\/v2\/pages\/25\/revisions"}],"predecessor-version":[{"id":5070,"href":"https:\/\/www.usosaldana.com.co\/index.php\/wp-json\/wp\/v2\/pages\/25\/revisions\/5070"}],"up":[{"embeddable":true,"href":"https:\/\/www.usosaldana.com.co\/index.php\/wp-json\/wp\/v2\/pages\/2"}],"wp:featuredmedia":[{"embeddable":true,"href":"https:\/\/www.usosaldana.com.co\/index.php\/wp-json\/wp\/v2\/media\/5061"}],"wp:attachment":[{"href":"https:\/\/www.usosaldana.com.co\/index.php\/wp-json\/wp\/v2\/media?parent=25"}],"curies":[{"name":"wp","href":"https:\/\/api.w.org\/{rel}","templated":true}]}}