{"id":29,"date":"2014-06-23T20:49:17","date_gmt":"2014-06-23T20:49:17","guid":{"rendered":"http:\/\/www.usosaldana.com.co\/wordpress\/?page_id=29"},"modified":"2025-04-14T10:27:55","modified_gmt":"2025-04-14T15:27:55","slug":"objetivos","status":"publish","type":"page","link":"https:\/\/www.usosaldana.com.co\/index.php\/objetivos\/","title":{"rendered":"Objetivos"},"content":{"rendered":"<p align=\"justify\"><img loading=\"lazy\" decoding=\"async\" src=\"https:\/\/www.usosaldana.com.co\/wp-content\/uploads\/2014\/06\/logo02.png\" alt=\"logo02\" width=\"288\" height=\"149\" class=\"alignleft size-full wp-image-159\"> Alcanzar un uso eficiente y racional de los recursos suelo y agua que permita consolidar una agricultura sostenible y productiva en la regi\u00f3n.<\/p>\n<p align=\"justify\">Promover el desarrollo de la agricultura irrigada a trav\u00e9s de una eficiente operaci\u00f3n y mantenimiento de sistemas de riego.<\/p>\n<p align=\"justify\">Promover proyectos que faciliten la validaci\u00f3n, ajuste, acceso y adopci\u00f3n, por parte de los productores agropecuarios, a tecnolog\u00edas que respondan a sus necesidades reales y sean ambientales y sostenibles, competitivas y equitativas, construyendo capital social.<\/p>\n<p align=\"justify\">Promover proyectos de investigaci\u00f3n y estudios de mercados, con la finalidad de diversificar la rotaci\u00f3n de cultivos que generen mejores dividendos a los agricultores y ayuden a la optimizaci\u00f3n de los recursos.<br \/>\nVelar por la defensa y conservaci\u00f3n de las cuencas hidrol\u00f3gicas circunscritas al Distrito, el manejo de los recursos naturales y preservaci\u00f3n del medio ambiente.<\/p>\n<p align=\"justify\">Promover la implementaci\u00f3n de tecnolog\u00eda l\u00e1ser para incrementar el n\u00famero de tierras adecuadas de 4200 a  7000 hect\u00e1reas con el fin de mejorar la productividad de los recursos suelo y agua, adem\u00e1s reducir costos de producci\u00f3n y aumentar la rentabilidad de los agricultores.<\/p>\n","protected":false},"excerpt":{"rendered":"<p>Alcanzar un uso eficiente y racional de los recursos suelo y agua que permita consolidar una agricultura sostenible y productiva en la regi\u00f3n. Promover el desarrollo de la agricultura irrigada a trav\u00e9s de una eficiente operaci\u00f3n y mantenimiento de sistemas de riego. Promover proyectos que faciliten la validaci\u00f3n, ajuste, acceso y adopci\u00f3n, por parte de [&hellip;]<\/p>\n","protected":false},"author":3,"featured_media":5062,"parent":0,"menu_order":0,"comment_status":"closed","ping_status":"closed","template":"","meta":{"footnotes":""},"class_list":["post-29","page","type-page","status-publish","has-post-thumbnail","czr-hentry"],"_links":{"self":[{"href":"https:\/\/www.usosaldana.com.co\/index.php\/wp-json\/wp\/v2\/pages\/29","targetHints":{"allow":["GET"]}}],"collection":[{"href":"https:\/\/www.usosaldana.com.co\/index.php\/wp-json\/wp\/v2\/pages"}],"about":[{"href":"https:\/\/www.usosaldana.com.co\/index.php\/wp-json\/wp\/v2\/types\/page"}],"author":[{"embeddable":true,"href":"https:\/\/www.usosaldana.com.co\/index.php\/wp-json\/wp\/v2\/users\/3"}],"replies":[{"embeddable":true,"href":"https:\/\/www.usosaldana.com.co\/index.php\/wp-json\/wp\/v2\/comments?post=29"}],"version-history":[{"count":5,"href":"https:\/\/www.usosaldana.com.co\/index.php\/wp-json\/wp\/v2\/pages\/29\/revisions"}],"predecessor-version":[{"id":2107,"href":"https:\/\/www.usosaldana.com.co\/index.php\/wp-json\/wp\/v2\/pages\/29\/revisions\/2107"}],"wp:featuredmedia":[{"embeddable":true,"href":"https:\/\/www.usosaldana.com.co\/index.php\/wp-json\/wp\/v2\/media\/5062"}],"wp:attachment":[{"href":"https:\/\/www.usosaldana.com.co\/index.php\/wp-json\/wp\/v2\/media?parent=29"}],"curies":[{"name":"wp","href":"https:\/\/api.w.org\/{rel}","templated":true}]}}