{"id":31,"date":"2014-06-23T20:50:30","date_gmt":"2014-06-23T20:50:30","guid":{"rendered":"http:\/\/www.usosaldana.com.co\/wordpress\/?page_id=31"},"modified":"2025-04-14T12:24:07","modified_gmt":"2025-04-14T17:24:07","slug":"historia","status":"publish","type":"page","link":"https:\/\/www.usosaldana.com.co\/index.php\/nosotros\/historia\/","title":{"rendered":"Historia"},"content":{"rendered":"<p align=\"justify\">Se iniciaron las investigaciones preliminares en el a\u00f1o de 1922, y en 1943, se construyeron dos canales de aproximadamente 7 kil\u00f3metros cerca de las poblaciones de Gualanday y chicoral, pero fueron abandonados por insuficiencia de fondos en el a\u00f1o de 1944. En 1945 se adelantaron algunos levantamientos preliminares de clasificaci\u00f3n de suelos y posteriormente pr\u00e9stamos de EXIBANK al gobierno, se efectuaron los estudios y dise\u00f1os definitivos por la firma norteamericana R.J. TRIPTON INC.<\/p>\n<p align=\"justify\">Entre 1948 y 1953, se inici\u00f3 la construcci\u00f3n por cuenta de la Caja de cr\u00e9dito Agrario Industrial y Minero y su ejecuci\u00f3n estuvo a cargo de la WISTON BROS COMPANY.<\/p>\n<p align=\"justify\">A partir de la terminaci\u00f3n de las obras y hasta 1968, el Distrito de Riego del R\u00edo Salda\u00f1a, fue administrado por la Caja Agraria, y entre 1968 y 1976, la Administraci\u00f3n del Distrito fue llevada a cabo por el Incora, desde 1976, en virtud al Convenio de Delegaci\u00f3n No.213, celebrado entre el HIMAT (hoy INAT) y USOSALDA\u00d1A, \u00e9sta ha tenido a su cargo la operaci\u00f3n, conservaci\u00f3n y Administraci\u00f3n del Distrito.<\/p>\n","protected":false},"excerpt":{"rendered":"<p>Se iniciaron las investigaciones preliminares en el a\u00f1o de 1922, y en 1943, se construyeron dos canales de aproximadamente 7 kil\u00f3metros cerca de las poblaciones de Gualanday y chicoral, pero fueron abandonados por insuficiencia de fondos en el a\u00f1o de 1944. En 1945 se adelantaron algunos levantamientos preliminares de clasificaci\u00f3n de suelos y posteriormente pr\u00e9stamos [&hellip;]<\/p>\n","protected":false},"author":3,"featured_media":5060,"parent":2,"menu_order":4,"comment_status":"closed","ping_status":"closed","template":"","meta":{"footnotes":""},"class_list":["post-31","page","type-page","status-publish","has-post-thumbnail","czr-hentry"],"_links":{"self":[{"href":"https:\/\/www.usosaldana.com.co\/index.php\/wp-json\/wp\/v2\/pages\/31","targetHints":{"allow":["GET"]}}],"collection":[{"href":"https:\/\/www.usosaldana.com.co\/index.php\/wp-json\/wp\/v2\/pages"}],"about":[{"href":"https:\/\/www.usosaldana.com.co\/index.php\/wp-json\/wp\/v2\/types\/page"}],"author":[{"embeddable":true,"href":"https:\/\/www.usosaldana.com.co\/index.php\/wp-json\/wp\/v2\/users\/3"}],"replies":[{"embeddable":true,"href":"https:\/\/www.usosaldana.com.co\/index.php\/wp-json\/wp\/v2\/comments?post=31"}],"version-history":[{"count":5,"href":"https:\/\/www.usosaldana.com.co\/index.php\/wp-json\/wp\/v2\/pages\/31\/revisions"}],"predecessor-version":[{"id":5079,"href":"https:\/\/www.usosaldana.com.co\/index.php\/wp-json\/wp\/v2\/pages\/31\/revisions\/5079"}],"up":[{"embeddable":true,"href":"https:\/\/www.usosaldana.com.co\/index.php\/wp-json\/wp\/v2\/pages\/2"}],"wp:featuredmedia":[{"embeddable":true,"href":"https:\/\/www.usosaldana.com.co\/index.php\/wp-json\/wp\/v2\/media\/5060"}],"wp:attachment":[{"href":"https:\/\/www.usosaldana.com.co\/index.php\/wp-json\/wp\/v2\/media?parent=31"}],"curies":[{"name":"wp","href":"https:\/\/api.w.org\/{rel}","templated":true}]}}