{"id":3776,"date":"2022-11-09T15:03:47","date_gmt":"2022-11-09T20:03:47","guid":{"rendered":"https:\/\/www.usosaldana.com.co\/?page_id=3776"},"modified":"2022-11-09T15:06:35","modified_gmt":"2022-11-09T20:06:35","slug":"circular-proveedores","status":"publish","type":"page","link":"https:\/\/www.usosaldana.com.co\/index.php\/circular-proveedores\/","title":{"rendered":"Circular Proveedores Recepci\u00f3n Facturaci\u00f3n Electr\u00f3nica"},"content":{"rendered":"\n<iframe src=\"https:\/\/www.usosaldana.com.co\/wp-content\/uploads\/2022\/11\/CIRCULAR-PROVEEDORES-RESOLUCION-85-ABR-08-2022.pdf\" style=\"width:100%; height:900px;\" frameborder=\"0\"><\/iframe>\n\n\n\n<p><\/p>\n","protected":false},"excerpt":{"rendered":"","protected":false},"author":3,"featured_media":3773,"parent":0,"menu_order":0,"comment_status":"closed","ping_status":"closed","template":"","meta":{"footnotes":""},"class_list":["post-3776","page","type-page","status-publish","has-post-thumbnail","czr-hentry"],"_links":{"self":[{"href":"https:\/\/www.usosaldana.com.co\/index.php\/wp-json\/wp\/v2\/pages\/3776","targetHints":{"allow":["GET"]}}],"collection":[{"href":"https:\/\/www.usosaldana.com.co\/index.php\/wp-json\/wp\/v2\/pages"}],"about":[{"href":"https:\/\/www.usosaldana.com.co\/index.php\/wp-json\/wp\/v2\/types\/page"}],"author":[{"embeddable":true,"href":"https:\/\/www.usosaldana.com.co\/index.php\/wp-json\/wp\/v2\/users\/3"}],"replies":[{"embeddable":true,"href":"https:\/\/www.usosaldana.com.co\/index.php\/wp-json\/wp\/v2\/comments?post=3776"}],"version-history":[{"count":3,"href":"https:\/\/www.usosaldana.com.co\/index.php\/wp-json\/wp\/v2\/pages\/3776\/revisions"}],"predecessor-version":[{"id":3781,"href":"https:\/\/www.usosaldana.com.co\/index.php\/wp-json\/wp\/v2\/pages\/3776\/revisions\/3781"}],"wp:featuredmedia":[{"embeddable":true,"href":"https:\/\/www.usosaldana.com.co\/index.php\/wp-json\/wp\/v2\/media\/3773"}],"wp:attachment":[{"href":"https:\/\/www.usosaldana.com.co\/index.php\/wp-json\/wp\/v2\/media?parent=3776"}],"curies":[{"name":"wp","href":"https:\/\/api.w.org\/{rel}","templated":true}]}}