{"id":3794,"date":"2022-11-11T18:39:30","date_gmt":"2022-11-11T23:39:30","guid":{"rendered":"https:\/\/www.usosaldana.com.co\/?page_id=3794"},"modified":"2022-11-11T19:40:00","modified_gmt":"2022-11-12T00:40:00","slug":"invitacion-licitar-01-de-2022-ma-375","status":"publish","type":"page","link":"https:\/\/www.usosaldana.com.co\/index.php\/invitacion-licitar-01-de-2022-ma-375\/","title":{"rendered":"INVITACI\u00d3N A LICITAR No. 01 DE 2022 MA 375"},"content":{"rendered":"\n<div align=\"justify\"><p>La oficina de las Naciones Unidas contra la droga y el delito <strong>UNODC <\/strong>invita a todos los interesados en presentar propuestas para seleccionar el proponente dentro del proceso de convocatoria que tiene por objeto \u201cCONTRATAR A TODO COSTO EL MEJORAMIENTO DEL CANAL DE RIEGO Y DRENAJE \u00c1NIMAS DEL DISTRITO DE RIEGO USOSALDA\u00d1A MEDIANTE REVESTIMIENTO EN CONCRETO ARMADO DE SECCI\u00d3N TRAPEZOIDAL\u201d.<\/p>\n\n<p>\nLas condiciones para poder participar se encuentran dentro del siguiente link&nbsp;<a href=\"https:\/\/www.usosaldana.com.co\/wp-content\/uploads\/2022\/11\/DOCUMENTOS-INVITACION-A-LICITAR-No.-01-DE-2022-MA-375.zip\">DOCUMENTOS INVITACI\u00d3N A LICITAR No. 01 DE 2022 MA 375<\/a>, donde podr\u00e1n hacer las sugerencias y recomendaciones a que hubiere lugar.\n<\/p>\n\n<p>\nEn el mismo se encuentra el cronograma para presentar las respectivas propuestas.\n<\/p>\n<\/div>\n\n\n\n<p><\/p>\n\n\n\n<p><\/p>\n","protected":false},"excerpt":{"rendered":"<p>La oficina de las Naciones Unidas contra la droga y el delito UNODC invita a todos los interesados en presentar propuestas para seleccionar el proponente dentro del proceso de convocatoria que tiene por objeto \u201cCONTRATAR A TODO COSTO EL MEJORAMIENTO DEL CANAL DE RIEGO Y DRENAJE \u00c1NIMAS DEL DISTRITO DE RIEGO USOSALDA\u00d1A MEDIANTE REVESTIMIENTO EN [&hellip;]<\/p>\n","protected":false},"author":3,"featured_media":3793,"parent":0,"menu_order":0,"comment_status":"closed","ping_status":"closed","template":"","meta":{"footnotes":""},"class_list":["post-3794","page","type-page","status-publish","has-post-thumbnail","czr-hentry"],"_links":{"self":[{"href":"https:\/\/www.usosaldana.com.co\/index.php\/wp-json\/wp\/v2\/pages\/3794","targetHints":{"allow":["GET"]}}],"collection":[{"href":"https:\/\/www.usosaldana.com.co\/index.php\/wp-json\/wp\/v2\/pages"}],"about":[{"href":"https:\/\/www.usosaldana.com.co\/index.php\/wp-json\/wp\/v2\/types\/page"}],"author":[{"embeddable":true,"href":"https:\/\/www.usosaldana.com.co\/index.php\/wp-json\/wp\/v2\/users\/3"}],"replies":[{"embeddable":true,"href":"https:\/\/www.usosaldana.com.co\/index.php\/wp-json\/wp\/v2\/comments?post=3794"}],"version-history":[{"count":6,"href":"https:\/\/www.usosaldana.com.co\/index.php\/wp-json\/wp\/v2\/pages\/3794\/revisions"}],"predecessor-version":[{"id":3807,"href":"https:\/\/www.usosaldana.com.co\/index.php\/wp-json\/wp\/v2\/pages\/3794\/revisions\/3807"}],"wp:featuredmedia":[{"embeddable":true,"href":"https:\/\/www.usosaldana.com.co\/index.php\/wp-json\/wp\/v2\/media\/3793"}],"wp:attachment":[{"href":"https:\/\/www.usosaldana.com.co\/index.php\/wp-json\/wp\/v2\/media?parent=3794"}],"curies":[{"name":"wp","href":"https:\/\/api.w.org\/{rel}","templated":true}]}}