{"id":4867,"date":"2025-01-24T18:34:07","date_gmt":"2025-01-24T23:34:07","guid":{"rendered":"https:\/\/www.usosaldana.com.co\/?page_id=4867"},"modified":"2025-01-24T18:34:44","modified_gmt":"2025-01-24T23:34:44","slug":"comunicacion-resultados-invitacion-publica-n-001-de-2025","status":"publish","type":"page","link":"https:\/\/www.usosaldana.com.co\/index.php\/comunicacion-resultados-invitacion-publica-n-001-de-2025\/","title":{"rendered":"Comunicaci\u00f3n Resultados Invitaci\u00f3n P\u00fablica N.001 de 2025"},"content":{"rendered":"\n<iframe src=\"https:\/\/www.usosaldana.com.co\/wp-content\/uploads\/2025\/01\/ComunicacionResultados.pdf\" style=\"width:100%; height:900px;\" frameborder=\"0\"><\/iframe>\n","protected":false},"excerpt":{"rendered":"","protected":false},"author":3,"featured_media":4866,"parent":0,"menu_order":0,"comment_status":"closed","ping_status":"closed","template":"","meta":{"footnotes":""},"class_list":["post-4867","page","type-page","status-publish","has-post-thumbnail","czr-hentry"],"_links":{"self":[{"href":"https:\/\/www.usosaldana.com.co\/index.php\/wp-json\/wp\/v2\/pages\/4867","targetHints":{"allow":["GET"]}}],"collection":[{"href":"https:\/\/www.usosaldana.com.co\/index.php\/wp-json\/wp\/v2\/pages"}],"about":[{"href":"https:\/\/www.usosaldana.com.co\/index.php\/wp-json\/wp\/v2\/types\/page"}],"author":[{"embeddable":true,"href":"https:\/\/www.usosaldana.com.co\/index.php\/wp-json\/wp\/v2\/users\/3"}],"replies":[{"embeddable":true,"href":"https:\/\/www.usosaldana.com.co\/index.php\/wp-json\/wp\/v2\/comments?post=4867"}],"version-history":[{"count":1,"href":"https:\/\/www.usosaldana.com.co\/index.php\/wp-json\/wp\/v2\/pages\/4867\/revisions"}],"predecessor-version":[{"id":4868,"href":"https:\/\/www.usosaldana.com.co\/index.php\/wp-json\/wp\/v2\/pages\/4867\/revisions\/4868"}],"wp:featuredmedia":[{"embeddable":true,"href":"https:\/\/www.usosaldana.com.co\/index.php\/wp-json\/wp\/v2\/media\/4866"}],"wp:attachment":[{"href":"https:\/\/www.usosaldana.com.co\/index.php\/wp-json\/wp\/v2\/media?parent=4867"}],"curies":[{"name":"wp","href":"https:\/\/api.w.org\/{rel}","templated":true}]}}