{"id":4986,"date":"2025-04-08T17:31:59","date_gmt":"2025-04-08T22:31:59","guid":{"rendered":"https:\/\/www.usosaldana.com.co\/?page_id=4986"},"modified":"2025-04-14T16:42:42","modified_gmt":"2025-04-14T21:42:42","slug":"circular-002-de-2025","status":"publish","type":"page","link":"https:\/\/www.usosaldana.com.co\/index.php\/circular-002-de-2025\/","title":{"rendered":"Circular 002 de 2025"},"content":{"rendered":"\n<iframe style=\"width: 100%; height: 900px;\" src=\"https:\/\/www.usosaldana.com.co\/wp-content\/uploads\/2025\/04\/Circular-002.pdf\" frameborder=\"0\"><\/iframe>\n","protected":false},"excerpt":{"rendered":"<p>Por medio de la cual se implementa la notificaci\u00f3n mediante correo electr\u00f3nico de las autorizaciones de servicio de riego y determinaci\u00f3n de predio que no cumple la totalidad de los requisitos para la autorizaci\u00f3n de servicio de riego \u2013 predio ilegal para riego<\/p>\n","protected":false},"author":3,"featured_media":5034,"parent":0,"menu_order":0,"comment_status":"closed","ping_status":"closed","template":"","meta":{"footnotes":""},"class_list":["post-4986","page","type-page","status-publish","has-post-thumbnail","czr-hentry"],"_links":{"self":[{"href":"https:\/\/www.usosaldana.com.co\/index.php\/wp-json\/wp\/v2\/pages\/4986","targetHints":{"allow":["GET"]}}],"collection":[{"href":"https:\/\/www.usosaldana.com.co\/index.php\/wp-json\/wp\/v2\/pages"}],"about":[{"href":"https:\/\/www.usosaldana.com.co\/index.php\/wp-json\/wp\/v2\/types\/page"}],"author":[{"embeddable":true,"href":"https:\/\/www.usosaldana.com.co\/index.php\/wp-json\/wp\/v2\/users\/3"}],"replies":[{"embeddable":true,"href":"https:\/\/www.usosaldana.com.co\/index.php\/wp-json\/wp\/v2\/comments?post=4986"}],"version-history":[{"count":2,"href":"https:\/\/www.usosaldana.com.co\/index.php\/wp-json\/wp\/v2\/pages\/4986\/revisions"}],"predecessor-version":[{"id":5100,"href":"https:\/\/www.usosaldana.com.co\/index.php\/wp-json\/wp\/v2\/pages\/4986\/revisions\/5100"}],"wp:featuredmedia":[{"embeddable":true,"href":"https:\/\/www.usosaldana.com.co\/index.php\/wp-json\/wp\/v2\/media\/5034"}],"wp:attachment":[{"href":"https:\/\/www.usosaldana.com.co\/index.php\/wp-json\/wp\/v2\/media?parent=4986"}],"curies":[{"name":"wp","href":"https:\/\/api.w.org\/{rel}","templated":true}]}}