{"id":5087,"date":"2025-04-14T16:13:39","date_gmt":"2025-04-14T21:13:39","guid":{"rendered":"https:\/\/www.usosaldana.com.co\/?page_id=5087"},"modified":"2025-04-14T16:20:25","modified_gmt":"2025-04-14T21:20:25","slug":"circular-externa-3","status":"publish","type":"page","link":"https:\/\/www.usosaldana.com.co\/index.php\/circular-externa-3\/","title":{"rendered":"Circular Externa"},"content":{"rendered":"\n<iframe style=\"width: 100%; height: 900px;\" src=\"https:\/\/www.usosaldana.com.co\/wp-content\/uploads\/2025\/04\/CIRCULAR-EXTERNA-16-ABRIL-2025.pdf\" frameborder=\"0\"><\/iframe>\n\n\n\n<p><\/p>\n","protected":false},"excerpt":{"rendered":"<p>Horario de atenci\u00f3n al p\u00fabico mi\u00e9rcoles 16 de abril de 2025.<\/p>\n","protected":false},"author":3,"featured_media":5086,"parent":0,"menu_order":0,"comment_status":"closed","ping_status":"closed","template":"","meta":{"footnotes":""},"class_list":["post-5087","page","type-page","status-publish","has-post-thumbnail","czr-hentry"],"_links":{"self":[{"href":"https:\/\/www.usosaldana.com.co\/index.php\/wp-json\/wp\/v2\/pages\/5087","targetHints":{"allow":["GET"]}}],"collection":[{"href":"https:\/\/www.usosaldana.com.co\/index.php\/wp-json\/wp\/v2\/pages"}],"about":[{"href":"https:\/\/www.usosaldana.com.co\/index.php\/wp-json\/wp\/v2\/types\/page"}],"author":[{"embeddable":true,"href":"https:\/\/www.usosaldana.com.co\/index.php\/wp-json\/wp\/v2\/users\/3"}],"replies":[{"embeddable":true,"href":"https:\/\/www.usosaldana.com.co\/index.php\/wp-json\/wp\/v2\/comments?post=5087"}],"version-history":[{"count":3,"href":"https:\/\/www.usosaldana.com.co\/index.php\/wp-json\/wp\/v2\/pages\/5087\/revisions"}],"predecessor-version":[{"id":5092,"href":"https:\/\/www.usosaldana.com.co\/index.php\/wp-json\/wp\/v2\/pages\/5087\/revisions\/5092"}],"wp:featuredmedia":[{"embeddable":true,"href":"https:\/\/www.usosaldana.com.co\/index.php\/wp-json\/wp\/v2\/media\/5086"}],"wp:attachment":[{"href":"https:\/\/www.usosaldana.com.co\/index.php\/wp-json\/wp\/v2\/media?parent=5087"}],"curies":[{"name":"wp","href":"https:\/\/api.w.org\/{rel}","templated":true}]}}