{"id":5141,"date":"2025-04-28T14:39:53","date_gmt":"2025-04-28T19:39:53","guid":{"rendered":"https:\/\/www.usosaldana.com.co\/?page_id=5141"},"modified":"2025-05-07T08:18:22","modified_gmt":"2025-05-07T13:18:22","slug":"invitacion-publica-no-003-de-2025-2","status":"publish","type":"page","link":"https:\/\/www.usosaldana.com.co\/index.php\/invitacion-publica-no-003-de-2025-2\/","title":{"rendered":"INVITACI\u00d3N P\u00daBLICA No. 003 DE 2025"},"content":{"rendered":"\n<iframe style=\"width: 100%; height: 900px;\" src=\"https:\/\/www.usosaldana.com.co\/wp-content\/uploads\/2025\/04\/TERMINOS_DE_REFERENCIA_AUDITORIA_EXTERNA_2025_V.2.pdf\" frameborder=\"0\"><\/iframe>\n","protected":false},"excerpt":{"rendered":"<p>Usosalda\u00f1a invita a todas las personas naturales y jur\u00eddicas cuyo objeto comercial y experiencia registre en AUDITORIA EXTERNA FINANCIERA Y DE GESTI\u00d3N, para que presenten sus propuestas dentro de la presente invitaci\u00f3n.<\/p>\n","protected":false},"author":3,"featured_media":5139,"parent":0,"menu_order":0,"comment_status":"closed","ping_status":"closed","template":"","meta":{"footnotes":""},"class_list":["post-5141","page","type-page","status-publish","has-post-thumbnail","czr-hentry"],"_links":{"self":[{"href":"https:\/\/www.usosaldana.com.co\/index.php\/wp-json\/wp\/v2\/pages\/5141","targetHints":{"allow":["GET"]}}],"collection":[{"href":"https:\/\/www.usosaldana.com.co\/index.php\/wp-json\/wp\/v2\/pages"}],"about":[{"href":"https:\/\/www.usosaldana.com.co\/index.php\/wp-json\/wp\/v2\/types\/page"}],"author":[{"embeddable":true,"href":"https:\/\/www.usosaldana.com.co\/index.php\/wp-json\/wp\/v2\/users\/3"}],"replies":[{"embeddable":true,"href":"https:\/\/www.usosaldana.com.co\/index.php\/wp-json\/wp\/v2\/comments?post=5141"}],"version-history":[{"count":2,"href":"https:\/\/www.usosaldana.com.co\/index.php\/wp-json\/wp\/v2\/pages\/5141\/revisions"}],"predecessor-version":[{"id":5172,"href":"https:\/\/www.usosaldana.com.co\/index.php\/wp-json\/wp\/v2\/pages\/5141\/revisions\/5172"}],"wp:featuredmedia":[{"embeddable":true,"href":"https:\/\/www.usosaldana.com.co\/index.php\/wp-json\/wp\/v2\/media\/5139"}],"wp:attachment":[{"href":"https:\/\/www.usosaldana.com.co\/index.php\/wp-json\/wp\/v2\/media?parent=5141"}],"curies":[{"name":"wp","href":"https:\/\/api.w.org\/{rel}","templated":true}]}}