{"id":5201,"date":"2025-05-22T20:02:45","date_gmt":"2025-05-23T01:02:45","guid":{"rendered":"https:\/\/www.usosaldana.com.co\/?page_id=5201"},"modified":"2025-05-22T20:02:45","modified_gmt":"2025-05-23T01:02:45","slug":"invitacion-publica-subasta-no-004-de-2025","status":"publish","type":"page","link":"https:\/\/www.usosaldana.com.co\/index.php\/invitacion-publica-subasta-no-004-de-2025\/","title":{"rendered":"Invitaci\u00f3n P\u00fablica Subasta No. 004 de 2025"},"content":{"rendered":"\n<iframe style=\"width: 100%; height: 900px;\" src=\"https:\/\/www.usosaldana.com.co\/wp-content\/uploads\/2025\/05\/INVITACION-04-VENTA-DE-MAQUINARIA-R-MAYO-22-DE-2025.pdf\" frameborder=\"0\"><\/iframe>\n\n\n\n<p><\/p>\n","protected":false},"excerpt":{"rendered":"<p>Invitaci\u00f3n P\u00fablica subasta de venta total en lotes de maquinaria agr\u00edcola de propiedad de Usosalda\u00f1a.<\/p>\n","protected":false},"author":3,"featured_media":5200,"parent":0,"menu_order":0,"comment_status":"closed","ping_status":"closed","template":"","meta":{"footnotes":""},"class_list":["post-5201","page","type-page","status-publish","has-post-thumbnail","czr-hentry"],"_links":{"self":[{"href":"https:\/\/www.usosaldana.com.co\/index.php\/wp-json\/wp\/v2\/pages\/5201","targetHints":{"allow":["GET"]}}],"collection":[{"href":"https:\/\/www.usosaldana.com.co\/index.php\/wp-json\/wp\/v2\/pages"}],"about":[{"href":"https:\/\/www.usosaldana.com.co\/index.php\/wp-json\/wp\/v2\/types\/page"}],"author":[{"embeddable":true,"href":"https:\/\/www.usosaldana.com.co\/index.php\/wp-json\/wp\/v2\/users\/3"}],"replies":[{"embeddable":true,"href":"https:\/\/www.usosaldana.com.co\/index.php\/wp-json\/wp\/v2\/comments?post=5201"}],"version-history":[{"count":1,"href":"https:\/\/www.usosaldana.com.co\/index.php\/wp-json\/wp\/v2\/pages\/5201\/revisions"}],"predecessor-version":[{"id":5202,"href":"https:\/\/www.usosaldana.com.co\/index.php\/wp-json\/wp\/v2\/pages\/5201\/revisions\/5202"}],"wp:featuredmedia":[{"embeddable":true,"href":"https:\/\/www.usosaldana.com.co\/index.php\/wp-json\/wp\/v2\/media\/5200"}],"wp:attachment":[{"href":"https:\/\/www.usosaldana.com.co\/index.php\/wp-json\/wp\/v2\/media?parent=5201"}],"curies":[{"name":"wp","href":"https:\/\/api.w.org\/{rel}","templated":true}]}}