{"id":5374,"date":"2025-08-01T11:44:03","date_gmt":"2025-08-01T16:44:03","guid":{"rendered":"https:\/\/www.usosaldana.com.co\/?page_id=5374"},"modified":"2025-08-01T11:44:04","modified_gmt":"2025-08-01T16:44:04","slug":"circular-informativa-2","status":"publish","type":"page","link":"https:\/\/www.usosaldana.com.co\/index.php\/circular-informativa-2\/","title":{"rendered":"Circular Informativa"},"content":{"rendered":"\n<figure class=\"wp-block-image size-large\"><a href=\"https:\/\/www.usosaldana.com.co\/wp-content\/uploads\/2025\/08\/CircularInformativa-scaled.jpg\"><img loading=\"lazy\" decoding=\"async\" width=\"791\" height=\"1024\" src=\"https:\/\/www.usosaldana.com.co\/wp-content\/uploads\/2025\/08\/CircularInformativa-791x1024.jpg\" alt=\"\" class=\"wp-image-5372\" srcset=\"https:\/\/www.usosaldana.com.co\/wp-content\/uploads\/2025\/08\/CircularInformativa-791x1024.jpg 791w, https:\/\/www.usosaldana.com.co\/wp-content\/uploads\/2025\/08\/CircularInformativa-232x300.jpg 232w, https:\/\/www.usosaldana.com.co\/wp-content\/uploads\/2025\/08\/CircularInformativa-768x994.jpg 768w, https:\/\/www.usosaldana.com.co\/wp-content\/uploads\/2025\/08\/CircularInformativa-1187x1536.jpg 1187w, https:\/\/www.usosaldana.com.co\/wp-content\/uploads\/2025\/08\/CircularInformativa-1583x2048.jpg 1583w, https:\/\/www.usosaldana.com.co\/wp-content\/uploads\/2025\/08\/CircularInformativa-scaled.jpg 1978w\" sizes=\"auto, (max-width: 791px) 100vw, 791px\" \/><\/a><\/figure>\n","protected":false},"excerpt":{"rendered":"<p>Circular Informativa, los d\u00edas 11 y 12 de agosto de 2025 se realizar\u00e1 suspensi\u00f3n temporal del servicio de riego en el canal sur y sus laterales; debido a la ejecuci\u00f3n de obras de rehabilitaci\u00f3n del segundo control <\/p>\n","protected":false},"author":3,"featured_media":5373,"parent":0,"menu_order":0,"comment_status":"closed","ping_status":"closed","template":"","meta":{"footnotes":""},"class_list":["post-5374","page","type-page","status-publish","has-post-thumbnail","czr-hentry"],"_links":{"self":[{"href":"https:\/\/www.usosaldana.com.co\/index.php\/wp-json\/wp\/v2\/pages\/5374","targetHints":{"allow":["GET"]}}],"collection":[{"href":"https:\/\/www.usosaldana.com.co\/index.php\/wp-json\/wp\/v2\/pages"}],"about":[{"href":"https:\/\/www.usosaldana.com.co\/index.php\/wp-json\/wp\/v2\/types\/page"}],"author":[{"embeddable":true,"href":"https:\/\/www.usosaldana.com.co\/index.php\/wp-json\/wp\/v2\/users\/3"}],"replies":[{"embeddable":true,"href":"https:\/\/www.usosaldana.com.co\/index.php\/wp-json\/wp\/v2\/comments?post=5374"}],"version-history":[{"count":1,"href":"https:\/\/www.usosaldana.com.co\/index.php\/wp-json\/wp\/v2\/pages\/5374\/revisions"}],"predecessor-version":[{"id":5375,"href":"https:\/\/www.usosaldana.com.co\/index.php\/wp-json\/wp\/v2\/pages\/5374\/revisions\/5375"}],"wp:featuredmedia":[{"embeddable":true,"href":"https:\/\/www.usosaldana.com.co\/index.php\/wp-json\/wp\/v2\/media\/5373"}],"wp:attachment":[{"href":"https:\/\/www.usosaldana.com.co\/index.php\/wp-json\/wp\/v2\/media?parent=5374"}],"curies":[{"name":"wp","href":"https:\/\/api.w.org\/{rel}","templated":true}]}}