{"id":5927,"date":"2026-03-06T17:43:46","date_gmt":"2026-03-06T22:43:46","guid":{"rendered":"https:\/\/www.usosaldana.com.co\/?page_id=5927"},"modified":"2026-03-06T17:46:02","modified_gmt":"2026-03-06T22:46:02","slug":"estados-financieros-2025-2","status":"publish","type":"page","link":"https:\/\/www.usosaldana.com.co\/index.php\/estados-financieros-2025-2\/","title":{"rendered":"ESTADOS FINANCIEROS 2025"},"content":{"rendered":"\n<iframe style=\"width: 100%; height: 900px;\" src=\"https:\/\/www.usosaldana.com.co\/wp-content\/uploads\/2026\/03\/ESTADOS-FINANCIEROS-2025.pdf\" frameborder=\"0\"><\/iframe>\n\n\n\n\n<p><\/p>\n","protected":false},"excerpt":{"rendered":"<p>La Gerencia y la Junta Directiva de la Asociaci\u00f3n de Usuarios del Distrito de Adecuaci\u00f3n de Tierras de Gran Escala del R\u00edo Salda\u00f1a \u2013 USOSALDA\u00d1A, en cumplimiento de los principios de transparencia institucional y de lo establecido en el art\u00edculo 447 del C\u00f3digo de Comercio, se permiten informar a todos los usuarios del distrito que los Estados Financieros de la organizaci\u00f3n correspondientes a la vigencia fiscal inmediatamente anterior se encuentran publicados para su consulta.<\/p>\n","protected":false},"author":3,"featured_media":5926,"parent":0,"menu_order":0,"comment_status":"closed","ping_status":"closed","template":"","meta":{"footnotes":""},"class_list":["post-5927","page","type-page","status-publish","has-post-thumbnail","czr-hentry"],"_links":{"self":[{"href":"https:\/\/www.usosaldana.com.co\/index.php\/wp-json\/wp\/v2\/pages\/5927","targetHints":{"allow":["GET"]}}],"collection":[{"href":"https:\/\/www.usosaldana.com.co\/index.php\/wp-json\/wp\/v2\/pages"}],"about":[{"href":"https:\/\/www.usosaldana.com.co\/index.php\/wp-json\/wp\/v2\/types\/page"}],"author":[{"embeddable":true,"href":"https:\/\/www.usosaldana.com.co\/index.php\/wp-json\/wp\/v2\/users\/3"}],"replies":[{"embeddable":true,"href":"https:\/\/www.usosaldana.com.co\/index.php\/wp-json\/wp\/v2\/comments?post=5927"}],"version-history":[{"count":1,"href":"https:\/\/www.usosaldana.com.co\/index.php\/wp-json\/wp\/v2\/pages\/5927\/revisions"}],"predecessor-version":[{"id":5928,"href":"https:\/\/www.usosaldana.com.co\/index.php\/wp-json\/wp\/v2\/pages\/5927\/revisions\/5928"}],"wp:featuredmedia":[{"embeddable":true,"href":"https:\/\/www.usosaldana.com.co\/index.php\/wp-json\/wp\/v2\/media\/5926"}],"wp:attachment":[{"href":"https:\/\/www.usosaldana.com.co\/index.php\/wp-json\/wp\/v2\/media?parent=5927"}],"curies":[{"name":"wp","href":"https:\/\/api.w.org\/{rel}","templated":true}]}}